{"id":112,"date":"2018-01-10T15:44:51","date_gmt":"2018-01-10T15:44:51","guid":{"rendered":"https:\/\/promenadethemes.com\/demo\/ecommerce-gem\/?post_type=product&#038;p=112"},"modified":"2025-11-30T14:30:36","modified_gmt":"2025-11-30T13:30:36","slug":"tissage-indien-ondul-rsd","status":"publish","type":"product","link":"https:\/\/hairbestparis.com\/%20\/index.php\/produit\/tissage-indien-ondul-rsd\/","title":{"rendered":"Tissage indien ondul\u00e9 RSD"},"content":{"rendered":"<p>100% Remy Single Drawn<\/p>\n<p>&gt; Couleur naturelle de la Vierge (1B-2)<br \/>\n&gt; Recommand\u00e9 pour le tissage<br \/>\n&gt; Chaque paquet de CHEVEUX est entre 3.5oz et 4oz (100 grammes)<br \/>\n&gt; Remy Single Drawn (RSD)<br \/>\n&gt; RSD cheveux est la meilleure qualit\u00e9 de cheveux humains disponibles. Chaque s\u00e9lection provient d&#8217;un donneur, toutes les cuticules sont intactes et vous remarquerez que chaque s\u00e9lection de RSD a un c\u00f4ne naturel \u00e0 la fin. Chaque s\u00e9lection de cheveux vierges RSD a subi un processus de qualit\u00e9 rigoureux pour s&#8217;assurer qu&#8217;il est exempt d&#8217;imperfections. Ce produit peut durer jusqu&#8217;\u00e0 un an avec des soins appropri\u00e9s.<\/p>\n","protected":false},"excerpt":{"rendered":"<p>100% Remy Single Drawn<\/p>\n<p>&gt; Couleur naturelle de la Vierge (1B-2)<br \/>\n&gt; Recommand\u00e9 pour le tissage<\/p>\n","protected":false},"featured_media":563,"comment_status":"open","ping_status":"closed","template":"","meta":[],"yoast_head":"<!-- This site is optimized with the Yoast SEO Premium plugin v15.6.2 - https:\/\/yoast.com\/wordpress\/plugins\/seo\/ -->\n<title>Hairbestparis<\/title>\n<meta name=\"robots\" content=\"index, follow, max-snippet:-1, max-image-preview:large, max-video-preview:-1\" \/>\n<link rel=\"canonical\" href=\"https:\/\/hairbestparis.com\/%20\/index.php\/produit\/tissage-indien-ondul-rsd\/\" \/>\n<meta property=\"og:locale\" content=\"fr_FR\" \/>\n<meta property=\"og:type\" content=\"article\" \/>\n<meta property=\"og:title\" content=\"Tissage indien ondul\u00e9 RSD - Hairbestparis\" \/>\n<meta property=\"og:description\" content=\"100% Remy Single Drawn  &gt; Couleur naturelle de la Vierge (1B-2) &gt; Recommand\u00e9 pour le tissage\" \/>\n<meta property=\"og:url\" content=\"https:\/\/hairbestparis.com\/ \/index.php\/produit\/tissage-indien-ondul-rsd\/\" \/>\n<meta property=\"og:site_name\" content=\"Hairbestparis\" \/>\n<meta property=\"article:publisher\" content=\"https:\/\/www.facebook.com\/hairbestparis1\" \/>\n<meta property=\"article:modified_time\" content=\"2025-11-30T13:30:36+00:00\" \/>\n<meta property=\"og:image\" content=\"https:\/\/hairbestparis.com\/wp-content\/uploads\/2018\/01\/Image-JPEG-e1589289614837.jpeg\" \/>\n\t<meta property=\"og:image:width\" content=\"480\" \/>\n\t<meta property=\"og:image:height\" content=\"549\" \/>\n<meta name=\"twitter:card\" content=\"summary_large_image\" \/>\n<meta name=\"twitter:site\" content=\"@hairbestparis\" \/>\n<meta name=\"twitter:label1\" content=\"Dur\u00e9e de lecture estim\u00e9e\">\n\t<meta name=\"twitter:data1\" content=\"1 minute\">\n<script type=\"application\/ld+json\" class=\"yoast-schema-graph\">{\"@context\":\"https:\/\/schema.org\",\"@graph\":[{\"@type\":\"Organization\",\"@id\":\"https:\/\/hairbestparis.com\/%20\/#organization\",\"name\":\"HairbestParis\",\"url\":\"https:\/\/hairbestparis.com\/%20\/\",\"sameAs\":[\"https:\/\/www.facebook.com\/hairbestparis1\",\"https:\/\/www.instagram.com\/hairbestparis\/\",\"https:\/\/twitter.com\/hairbestparis\"],\"logo\":{\"@type\":\"ImageObject\",\"@id\":\"https:\/\/hairbestparis.com\/%20\/#logo\",\"inLanguage\":\"fr-FR\",\"url\":\"https:\/\/hairbestparis.com\/wp-content\/uploads\/2020\/01\/hairbestparis-logo.png\",\"width\":186,\"height\":112,\"caption\":\"HairbestParis\"},\"image\":{\"@id\":\"https:\/\/hairbestparis.com\/%20\/#logo\"}},{\"@type\":\"WebSite\",\"@id\":\"https:\/\/hairbestparis.com\/%20\/#website\",\"url\":\"https:\/\/hairbestparis.com\/%20\/\",\"name\":\"Hairbestparis\",\"description\":\"Hair Best Paris\",\"publisher\":{\"@id\":\"https:\/\/hairbestparis.com\/%20\/#organization\"},\"potentialAction\":[{\"@type\":\"SearchAction\",\"target\":\"https:\/\/hairbestparis.com\/%20\/?s={search_term_string}\",\"query-input\":\"required name=search_term_string\"}],\"inLanguage\":\"fr-FR\"},{\"@type\":\"ImageObject\",\"@id\":\"https:\/\/hairbestparis.com\/%20\/index.php\/produit\/tissage-indien-ondul-rsd\/#primaryimage\",\"inLanguage\":\"fr-FR\",\"url\":\"https:\/\/hairbestparis.com\/wp-content\/uploads\/2018\/01\/Image-JPEG-e1589289614837.jpeg\",\"width\":480,\"height\":549},{\"@type\":\"WebPage\",\"@id\":\"https:\/\/hairbestparis.com\/%20\/index.php\/produit\/tissage-indien-ondul-rsd\/#webpage\",\"url\":\"https:\/\/hairbestparis.com\/%20\/index.php\/produit\/tissage-indien-ondul-rsd\/\",\"name\":\"Tissage indien ondul\\u00e9 RSD - Hairbestparis\",\"isPartOf\":{\"@id\":\"https:\/\/hairbestparis.com\/%20\/#website\"},\"primaryImageOfPage\":{\"@id\":\"https:\/\/hairbestparis.com\/%20\/index.php\/produit\/tissage-indien-ondul-rsd\/#primaryimage\"},\"datePublished\":\"2018-01-10T15:44:51+00:00\",\"dateModified\":\"2025-11-30T13:30:36+00:00\",\"breadcrumb\":{\"@id\":\"https:\/\/hairbestparis.com\/%20\/index.php\/produit\/tissage-indien-ondul-rsd\/#breadcrumb\"},\"inLanguage\":\"fr-FR\",\"potentialAction\":[{\"@type\":\"ReadAction\",\"target\":[\"https:\/\/hairbestparis.com\/%20\/index.php\/produit\/tissage-indien-ondul-rsd\/\"]}]},{\"@type\":\"BreadcrumbList\",\"@id\":\"https:\/\/hairbestparis.com\/%20\/index.php\/produit\/tissage-indien-ondul-rsd\/#breadcrumb\",\"itemListElement\":[{\"@type\":\"ListItem\",\"position\":1,\"item\":{\"@type\":\"WebPage\",\"@id\":\"https:\/\/hairbestparis.com\/%20\/\",\"url\":\"https:\/\/hairbestparis.com\/%20\/\",\"name\":\"Accueil\"}},{\"@type\":\"ListItem\",\"position\":2,\"item\":{\"@type\":\"WebPage\",\"@id\":\"https:\/\/hairbestparis.com\/%20\/index.php\/boutique\/\",\"url\":\"https:\/\/hairbestparis.com\/%20\/index.php\/boutique\/\",\"name\":\"Boutique\"}},{\"@type\":\"ListItem\",\"position\":3,\"item\":{\"@type\":\"WebPage\",\"@id\":\"https:\/\/hairbestparis.com\/%20\/index.php\/produit\/tissage-indien-ondul-rsd\/\",\"url\":\"https:\/\/hairbestparis.com\/%20\/index.php\/produit\/tissage-indien-ondul-rsd\/\",\"name\":\"Tissage indien ondul\\u00e9 RSD\"}}]}]}<\/script>\n<!-- \/ Yoast SEO Premium plugin. -->","_links":{"self":[{"href":"https:\/\/hairbestparis.com\/%20\/index.php\/wp-json\/wp\/v2\/product\/112"}],"collection":[{"href":"https:\/\/hairbestparis.com\/%20\/index.php\/wp-json\/wp\/v2\/product"}],"about":[{"href":"https:\/\/hairbestparis.com\/%20\/index.php\/wp-json\/wp\/v2\/types\/product"}],"replies":[{"embeddable":true,"href":"https:\/\/hairbestparis.com\/%20\/index.php\/wp-json\/wp\/v2\/comments?post=112"}],"wp:featuredmedia":[{"embeddable":true,"href":"https:\/\/hairbestparis.com\/%20\/index.php\/wp-json\/wp\/v2\/media\/563"}],"wp:attachment":[{"href":"https:\/\/hairbestparis.com\/%20\/index.php\/wp-json\/wp\/v2\/media?parent=112"}],"curies":[{"name":"wp","href":"https:\/\/api.w.org\/{rel}","templated":true}]}}