{"id":1148,"date":"2021-01-26T19:19:58","date_gmt":"2021-01-26T18:19:58","guid":{"rendered":"https:\/\/hairbestparis.com\/?post_type=product&#038;p=1148"},"modified":"2021-01-26T19:37:59","modified_gmt":"2021-01-26T18:37:59","slug":"perruque-dora-134-lace-frontal-wig-hairbestparis","status":"publish","type":"product","link":"https:\/\/hairbestparis.com\/%20\/index.php\/produit\/perruque-dora-134-lace-frontal-wig-hairbestparis\/","title":{"rendered":"perruque Dora"},"content":{"rendered":"<p>https:\/\/hairbestparis.com Cheveux naturels et 100% virgin.<br \/>\nPossibilit\u00e9 de boucler, colorer<\/p>\n<p>Densit\u00e9: 150%<br \/>\nCouleur de la Lace: Medium brown<br \/>\nLargeur du bonnet: Medium(par d\u00e9faut), Petit<\/p>\n<p>Taille du bonnet: Medium (par d\u00e9faut), Small<\/p>\n<p>Mesures du bonnet Lace Front\/Glueless Full Lace (en pouces) Small Medium<br \/>\nCirconf\u00e9rence (Circumference) 21\u2033-22\u2033 22\u2033-23\u2033<a href=\"https:\/\/hairbestparis.com\/index.php\/boutique\/\">Boutique<\/a><\/p>\n","protected":false},"excerpt":{"rendered":"<p><a href=\"https:\/\/hairbestparis.com\/index.php\/boutique\/\">Perruque <\/a>Perruque Dora -13*4 lace frontal wig kinky<\/p>\n<p>top couleur naturel 1B-2<\/p>\n<p>taille 16 pouces<\/p>\n","protected":false},"featured_media":1157,"comment_status":"closed","ping_status":"closed","template":"","meta":[],"yoast_head":"<!-- This site is optimized with the Yoast SEO Premium plugin v15.6.2 - https:\/\/yoast.com\/wordpress\/plugins\/seo\/ -->\n<title>Hairbestparis<\/title>\n<meta name=\"description\" content=\". perruque Dora 13* 4 lace frontal wig kinky 16 pouces. Densit\u00e9 : 150%Couleur de la Lace: Medium brownLargeur du bonnet: Medium(par d\u00e9faut), PetitTaille du bonnet: Medium (par d\u00e9faut), SmallMesures du bonnet Lace Front\/Glueless Full Small MediumCirconf\u00e9rence (Circumference) Dora lace wig perruque kinky 16 pouces\" \/>\n<meta name=\"robots\" content=\"index, follow, max-snippet:-1, max-image-preview:large, max-video-preview:-1\" \/>\n<link rel=\"canonical\" href=\"https:\/\/hairbestparis.com\/%20\/index.php\/produit\/perruque-dora-134-lace-frontal-wig-hairbestparis\/\" \/>\n<meta property=\"og:locale\" content=\"fr_FR\" \/>\n<meta property=\"og:type\" content=\"article\" \/>\n<meta property=\"og:title\" content=\"Perruque Dora-13*4 lace frontal wig hairbestparis.com\" \/>\n<meta property=\"og:description\" content=\". perruque Dora 13* 4 lace frontal wig kinky 16 pouces. Densit\u00e9 : 150%Couleur de la Lace: Medium brownLargeur du bonnet: Medium(par d\u00e9faut), PetitTaille du bonnet: Medium (par d\u00e9faut), SmallMesures du bonnet Lace Front\/Glueless Full Small MediumCirconf\u00e9rence (Circumference) Dora lace wig perruque kinky 16 pouces\" \/>\n<meta property=\"og:url\" content=\"https:\/\/hairbestparis.com\/ \/index.php\/produit\/perruque-dora-134-lace-frontal-wig-hairbestparis\/\" \/>\n<meta property=\"og:site_name\" content=\"Hairbestparis\" \/>\n<meta property=\"article:publisher\" content=\"https:\/\/www.facebook.com\/hairbestparis1\" \/>\n<meta property=\"article:modified_time\" content=\"2021-01-26T18:37:59+00:00\" \/>\n<meta property=\"og:image\" content=\"https:\/\/hairbestparis.com\/wp-content\/uploads\/2021\/01\/A2A85016-DCC4-4AEA-B56A-846F13998CCD.jpeg\" \/>\n\t<meta property=\"og:image:width\" content=\"632\" \/>\n\t<meta property=\"og:image:height\" content=\"632\" \/>\n<meta name=\"twitter:card\" content=\"summary_large_image\" \/>\n<meta name=\"twitter:image\" content=\"https:\/\/hairbestparis.com\/wp-content\/uploads\/2021\/01\/EFB7CA2C-8DCA-4517-BFEC-53095B6ACEE0-scaled.jpeg\" \/>\n<meta name=\"twitter:site\" content=\"@hairbestparis\" \/>\n<script type=\"application\/ld+json\" class=\"yoast-schema-graph\">{\"@context\":\"https:\/\/schema.org\",\"@graph\":[{\"@type\":\"Organization\",\"@id\":\"https:\/\/hairbestparis.com\/%20\/#organization\",\"name\":\"HairbestParis\",\"url\":\"https:\/\/hairbestparis.com\/%20\/\",\"sameAs\":[\"https:\/\/www.facebook.com\/hairbestparis1\",\"https:\/\/www.instagram.com\/hairbestparis\/\",\"https:\/\/twitter.com\/hairbestparis\"],\"logo\":{\"@type\":\"ImageObject\",\"@id\":\"https:\/\/hairbestparis.com\/%20\/#logo\",\"inLanguage\":\"fr-FR\",\"url\":\"https:\/\/hairbestparis.com\/wp-content\/uploads\/2020\/01\/hairbestparis-logo.png\",\"width\":186,\"height\":112,\"caption\":\"HairbestParis\"},\"image\":{\"@id\":\"https:\/\/hairbestparis.com\/%20\/#logo\"}},{\"@type\":\"WebSite\",\"@id\":\"https:\/\/hairbestparis.com\/%20\/#website\",\"url\":\"https:\/\/hairbestparis.com\/%20\/\",\"name\":\"Hairbestparis\",\"description\":\"Hair Best Paris\",\"publisher\":{\"@id\":\"https:\/\/hairbestparis.com\/%20\/#organization\"},\"potentialAction\":[{\"@type\":\"SearchAction\",\"target\":\"https:\/\/hairbestparis.com\/%20\/?s={search_term_string}\",\"query-input\":\"required name=search_term_string\"}],\"inLanguage\":\"fr-FR\"},{\"@type\":\"ImageObject\",\"@id\":\"https:\/\/hairbestparis.com\/%20\/index.php\/produit\/perruque-dora-134-lace-frontal-wig-hairbestparis\/#primaryimage\",\"inLanguage\":\"fr-FR\",\"url\":\"https:\/\/hairbestparis.com\/wp-content\/uploads\/2021\/01\/A2A85016-DCC4-4AEA-B56A-846F13998CCD.jpeg\",\"width\":632,\"height\":632},{\"@type\":\"WebPage\",\"@id\":\"https:\/\/hairbestparis.com\/%20\/index.php\/produit\/perruque-dora-134-lace-frontal-wig-hairbestparis\/#webpage\",\"url\":\"https:\/\/hairbestparis.com\/%20\/index.php\/produit\/perruque-dora-134-lace-frontal-wig-hairbestparis\/\",\"name\":\"Perruque Dora-13*4 lace frontal wig hairbestparis.com\",\"isPartOf\":{\"@id\":\"https:\/\/hairbestparis.com\/%20\/#website\"},\"primaryImageOfPage\":{\"@id\":\"https:\/\/hairbestparis.com\/%20\/index.php\/produit\/perruque-dora-134-lace-frontal-wig-hairbestparis\/#primaryimage\"},\"datePublished\":\"2021-01-26T18:19:58+00:00\",\"dateModified\":\"2021-01-26T18:37:59+00:00\",\"description\":\". perruque Dora 13* 4 lace frontal wig kinky 16 pouces. Densit\\u00e9 : 150%Couleur de la Lace: Medium brownLargeur du bonnet: Medium(par d\\u00e9faut), PetitTaille du bonnet: Medium (par d\\u00e9faut), SmallMesures du bonnet Lace Front\/Glueless Full Small MediumCirconf\\u00e9rence (Circumference) Dora lace wig perruque kinky 16 pouces\",\"breadcrumb\":{\"@id\":\"https:\/\/hairbestparis.com\/%20\/index.php\/produit\/perruque-dora-134-lace-frontal-wig-hairbestparis\/#breadcrumb\"},\"inLanguage\":\"fr-FR\",\"potentialAction\":[{\"@type\":\"ReadAction\",\"target\":[\"https:\/\/hairbestparis.com\/%20\/index.php\/produit\/perruque-dora-134-lace-frontal-wig-hairbestparis\/\"]}]},{\"@type\":\"BreadcrumbList\",\"@id\":\"https:\/\/hairbestparis.com\/%20\/index.php\/produit\/perruque-dora-134-lace-frontal-wig-hairbestparis\/#breadcrumb\",\"itemListElement\":[{\"@type\":\"ListItem\",\"position\":1,\"item\":{\"@type\":\"WebPage\",\"@id\":\"https:\/\/hairbestparis.com\/%20\/\",\"url\":\"https:\/\/hairbestparis.com\/%20\/\",\"name\":\"Accueil\"}},{\"@type\":\"ListItem\",\"position\":2,\"item\":{\"@type\":\"WebPage\",\"@id\":\"https:\/\/hairbestparis.com\/%20\/index.php\/boutique\/\",\"url\":\"https:\/\/hairbestparis.com\/%20\/index.php\/boutique\/\",\"name\":\"Boutique\"}},{\"@type\":\"ListItem\",\"position\":3,\"item\":{\"@type\":\"WebPage\",\"@id\":\"https:\/\/hairbestparis.com\/%20\/index.php\/produit\/perruque-dora-134-lace-frontal-wig-hairbestparis\/\",\"url\":\"https:\/\/hairbestparis.com\/%20\/index.php\/produit\/perruque-dora-134-lace-frontal-wig-hairbestparis\/\",\"name\":\"perruque Dora\"}}]}]}<\/script>\n<!-- \/ Yoast SEO Premium plugin. -->","_links":{"self":[{"href":"https:\/\/hairbestparis.com\/%20\/index.php\/wp-json\/wp\/v2\/product\/1148"}],"collection":[{"href":"https:\/\/hairbestparis.com\/%20\/index.php\/wp-json\/wp\/v2\/product"}],"about":[{"href":"https:\/\/hairbestparis.com\/%20\/index.php\/wp-json\/wp\/v2\/types\/product"}],"replies":[{"embeddable":true,"href":"https:\/\/hairbestparis.com\/%20\/index.php\/wp-json\/wp\/v2\/comments?post=1148"}],"wp:featuredmedia":[{"embeddable":true,"href":"https:\/\/hairbestparis.com\/%20\/index.php\/wp-json\/wp\/v2\/media\/1157"}],"wp:attachment":[{"href":"https:\/\/hairbestparis.com\/%20\/index.php\/wp-json\/wp\/v2\/media?parent=1148"}],"curies":[{"name":"wp","href":"https:\/\/api.w.org\/{rel}","templated":true}]}}