{"id":768,"date":"2020-09-11T20:30:15","date_gmt":"2020-09-11T18:30:15","guid":{"rendered":"http:\/\/hairbestparis.com\/?post_type=product&#038;p=768"},"modified":"2025-10-06T10:17:00","modified_gmt":"2025-10-06T08:17:00","slug":"tissage-naturel-lisse","status":"publish","type":"product","link":"https:\/\/hairbestparis.com\/%20\/index.php\/produit\/tissage-naturel-lisse\/","title":{"rendered":"Tissage naturel lisse"},"content":{"rendered":"<div style=\"padding-left: 40px; text-align: left;\">\u00a0Tissage \u00a0naturel lisse \u00a0id\u00e9al pour une demi-t\u00eate, une t\u00eate enti\u00e8re,<\/div>\n<div>quelques lignes ,et pour la confection d&#8217;une perruque.<\/div>\n<div>Cheveux Naturels tr\u00e8s souples<\/div>\n<div>Paquet de 100 grammes environ<\/div>\n<div>Possibilit\u00e9 de colorer, \u00a0boucler<\/div>\n<div><a href=\"https:\/\/hairbestparis.com\/\">https:\/\/hairbestparis.com\/https<\/a><\/div>\n<p>&nbsp;<\/p>\n","protected":false},"excerpt":{"rendered":"<p><a href=\"https:\/\/hairbestparis.com\/index.php\/produit\/tissage-bresilien-lisse\/\" target=\"_blank\" rel=\"noopener noreferrer\">tissage naturel lisse<\/a><\/p>\n","protected":false},"featured_media":764,"comment_status":"open","ping_status":"closed","template":"","meta":[],"yoast_head":"<!-- This site is optimized with the Yoast SEO Premium plugin v15.6.2 - https:\/\/yoast.com\/wordpress\/plugins\/seo\/ -->\n<title>Hairbestparis<\/title>\n<meta name=\"description\" content=\"Cheveux naturels id\u00e9als faire des extensions. pour une demi-t\u00eate, une t\u00eate enti\u00e8re,quelques lignes ,et pour la confection d&#039;une perruque. Possibilit\u00e9 de colorer, \u00a0boucler.\" \/>\n<meta name=\"robots\" content=\"index, follow, max-snippet:-1, max-image-preview:large, max-video-preview:-1\" \/>\n<link rel=\"canonical\" href=\"https:\/\/hairbestparis.com\/%20\/index.php\/produit\/tissage-naturel-lisse\/\" \/>\n<meta property=\"og:locale\" content=\"fr_FR\" \/>\n<meta property=\"og:type\" content=\"article\" \/>\n<meta property=\"og:title\" content=\"Tissage br\u00e9silien lisse, extensions de cheveux naturels\" \/>\n<meta property=\"og:description\" content=\"Cheveux naturels id\u00e9als faire des extensions. pour une demi-t\u00eate, une t\u00eate enti\u00e8re,quelques lignes ,et pour la confection d&#039;une perruque. Possibilit\u00e9 de colorer, \u00a0boucler.\" \/>\n<meta property=\"og:url\" content=\"https:\/\/hairbestparis.com\/ \/index.php\/produit\/tissage-naturel-lisse\/\" \/>\n<meta property=\"og:site_name\" content=\"Hairbestparis\" \/>\n<meta property=\"article:publisher\" content=\"https:\/\/www.facebook.com\/hairbestparis1\" \/>\n<meta property=\"article:modified_time\" content=\"2025-10-06T08:17:00+00:00\" \/>\n<meta property=\"og:image\" content=\"https:\/\/hairbestparis.com\/wp-content\/uploads\/2020\/09\/DD03A09C-CE0C-4A33-B26D-8582EF3A84B4.jpeg\" \/>\n\t<meta property=\"og:image:width\" content=\"480\" \/>\n\t<meta property=\"og:image:height\" content=\"480\" \/>\n<meta name=\"twitter:card\" content=\"summary_large_image\" \/>\n<meta name=\"twitter:image\" content=\"https:\/\/hairbestparis.com\/wp-content\/uploads\/2020\/09\/DD03A09C-CE0C-4A33-B26D-8582EF3A84B4.jpeg\" \/>\n<meta name=\"twitter:site\" content=\"@hairbestparis\" \/>\n<meta name=\"twitter:label1\" content=\"Dur\u00e9e de lecture estim\u00e9e\">\n\t<meta name=\"twitter:data1\" content=\"1 minute\">\n<script type=\"application\/ld+json\" class=\"yoast-schema-graph\">{\"@context\":\"https:\/\/schema.org\",\"@graph\":[{\"@type\":\"Organization\",\"@id\":\"https:\/\/hairbestparis.com\/%20\/#organization\",\"name\":\"HairbestParis\",\"url\":\"https:\/\/hairbestparis.com\/%20\/\",\"sameAs\":[\"https:\/\/www.facebook.com\/hairbestparis1\",\"https:\/\/www.instagram.com\/hairbestparis\/\",\"https:\/\/twitter.com\/hairbestparis\"],\"logo\":{\"@type\":\"ImageObject\",\"@id\":\"https:\/\/hairbestparis.com\/%20\/#logo\",\"inLanguage\":\"fr-FR\",\"url\":\"https:\/\/hairbestparis.com\/wp-content\/uploads\/2020\/01\/hairbestparis-logo.png\",\"width\":186,\"height\":112,\"caption\":\"HairbestParis\"},\"image\":{\"@id\":\"https:\/\/hairbestparis.com\/%20\/#logo\"}},{\"@type\":\"WebSite\",\"@id\":\"https:\/\/hairbestparis.com\/%20\/#website\",\"url\":\"https:\/\/hairbestparis.com\/%20\/\",\"name\":\"Hairbestparis\",\"description\":\"Hair Best Paris\",\"publisher\":{\"@id\":\"https:\/\/hairbestparis.com\/%20\/#organization\"},\"potentialAction\":[{\"@type\":\"SearchAction\",\"target\":\"https:\/\/hairbestparis.com\/%20\/?s={search_term_string}\",\"query-input\":\"required name=search_term_string\"}],\"inLanguage\":\"fr-FR\"},{\"@type\":\"ImageObject\",\"@id\":\"https:\/\/hairbestparis.com\/%20\/index.php\/produit\/tissage-naturel-lisse\/#primaryimage\",\"inLanguage\":\"fr-FR\",\"url\":\"https:\/\/hairbestparis.com\/wp-content\/uploads\/2020\/09\/DD03A09C-CE0C-4A33-B26D-8582EF3A84B4.jpeg\",\"width\":480,\"height\":480,\"caption\":\"100% naturel\"},{\"@type\":\"WebPage\",\"@id\":\"https:\/\/hairbestparis.com\/%20\/index.php\/produit\/tissage-naturel-lisse\/#webpage\",\"url\":\"https:\/\/hairbestparis.com\/%20\/index.php\/produit\/tissage-naturel-lisse\/\",\"name\":\"Tissage br\\u00e9silien lisse, extensions de cheveux naturels\",\"isPartOf\":{\"@id\":\"https:\/\/hairbestparis.com\/%20\/#website\"},\"primaryImageOfPage\":{\"@id\":\"https:\/\/hairbestparis.com\/%20\/index.php\/produit\/tissage-naturel-lisse\/#primaryimage\"},\"datePublished\":\"2020-09-11T18:30:15+00:00\",\"dateModified\":\"2025-10-06T08:17:00+00:00\",\"description\":\"Cheveux naturels id\\u00e9als faire des extensions. pour une demi-t\\u00eate, une t\\u00eate enti\\u00e8re,quelques lignes ,et pour la confection d'une perruque. Possibilit\\u00e9 de colorer, \\u00a0boucler.\",\"breadcrumb\":{\"@id\":\"https:\/\/hairbestparis.com\/%20\/index.php\/produit\/tissage-naturel-lisse\/#breadcrumb\"},\"inLanguage\":\"fr-FR\",\"potentialAction\":[{\"@type\":\"ReadAction\",\"target\":[\"https:\/\/hairbestparis.com\/%20\/index.php\/produit\/tissage-naturel-lisse\/\"]}]},{\"@type\":\"BreadcrumbList\",\"@id\":\"https:\/\/hairbestparis.com\/%20\/index.php\/produit\/tissage-naturel-lisse\/#breadcrumb\",\"itemListElement\":[{\"@type\":\"ListItem\",\"position\":1,\"item\":{\"@type\":\"WebPage\",\"@id\":\"https:\/\/hairbestparis.com\/%20\/\",\"url\":\"https:\/\/hairbestparis.com\/%20\/\",\"name\":\"Accueil\"}},{\"@type\":\"ListItem\",\"position\":2,\"item\":{\"@type\":\"WebPage\",\"@id\":\"https:\/\/hairbestparis.com\/%20\/index.php\/boutique\/\",\"url\":\"https:\/\/hairbestparis.com\/%20\/index.php\/boutique\/\",\"name\":\"Boutique\"}},{\"@type\":\"ListItem\",\"position\":3,\"item\":{\"@type\":\"WebPage\",\"@id\":\"https:\/\/hairbestparis.com\/%20\/index.php\/produit\/tissage-naturel-lisse\/\",\"url\":\"https:\/\/hairbestparis.com\/%20\/index.php\/produit\/tissage-naturel-lisse\/\",\"name\":\"Tissage naturel lisse\"}}]}]}<\/script>\n<!-- \/ Yoast SEO Premium plugin. -->","_links":{"self":[{"href":"https:\/\/hairbestparis.com\/%20\/index.php\/wp-json\/wp\/v2\/product\/768"}],"collection":[{"href":"https:\/\/hairbestparis.com\/%20\/index.php\/wp-json\/wp\/v2\/product"}],"about":[{"href":"https:\/\/hairbestparis.com\/%20\/index.php\/wp-json\/wp\/v2\/types\/product"}],"replies":[{"embeddable":true,"href":"https:\/\/hairbestparis.com\/%20\/index.php\/wp-json\/wp\/v2\/comments?post=768"}],"wp:featuredmedia":[{"embeddable":true,"href":"https:\/\/hairbestparis.com\/%20\/index.php\/wp-json\/wp\/v2\/media\/764"}],"wp:attachment":[{"href":"https:\/\/hairbestparis.com\/%20\/index.php\/wp-json\/wp\/v2\/media?parent=768"}],"curies":[{"name":"wp","href":"https:\/\/api.w.org\/{rel}","templated":true}]}}