{"id":781,"date":"2020-09-11T21:43:24","date_gmt":"2020-09-11T19:43:24","guid":{"rendered":"http:\/\/hairbestparis.com\/?post_type=product&#038;p=781"},"modified":"2026-04-11T23:34:31","modified_gmt":"2026-04-11T21:34:31","slug":"tissage-bresilien-curly-extensions-de-cheveux-naturels-hairbestparis-com","status":"publish","type":"product","link":"https:\/\/hairbestparis.com\/%20\/index.php\/produit\/tissage-bresilien-curly-extensions-de-cheveux-naturels-hairbestparis-com\/","title":{"rendered":"Tissage  naturel boucl\u00e9"},"content":{"rendered":"<p style=\"text-align: center;\">Le tissage naturel et curly est id\u00e9al pour une demi-t\u00eate, une t\u00eate enti\u00e8re,<br \/>\nquelques lignes ,ou pour la confection d&#8217;une perruque.<br \/>\nCheveux 100% humains et virgin.<\/p>\n<p>Paquet de 100 grammes environ<\/p>\n<p>Possibilit\u00e9 de d\u00e9colorer<\/p>\n<p><a href=\"https:\/\/hairbestparis.com\/index.php\/produit\/tissage-bresilien-curly-extensions-de-cheveux-naturels-hairbestparis-com\/\">Tissage br\u00e9silien curly<\/a><\/p>\n","protected":false},"excerpt":{"rendered":"<p>https:\/\/hairbestparis.com<\/p>\n<p>Cheveux naturels boucl\u00e9s<\/p>\n<p>Tissage naturel <a href=\"https:\/\/hairbestparis.com\/index.php\/categorie-produit\/boutique\/tissagetbresilien\/\">curly<\/a><\/p>\n","protected":false},"featured_media":762,"comment_status":"open","ping_status":"closed","template":"","meta":[],"yoast_head":"<!-- This site is optimized with the Yoast SEO Premium plugin v15.6.2 - https:\/\/yoast.com\/wordpress\/plugins\/seo\/ -->\n<title>Hairbestparis<\/title>\n<meta name=\"description\" content=\"Les cheveux br\u00e9silliens curly sont souples et ne s&#039;emmelent pas . 100% cheveux humains et virgin. Ne s&#039;emm\u00ealent pas\" \/>\n<meta name=\"robots\" content=\"index, follow, max-snippet:-1, max-image-preview:large, max-video-preview:-1\" \/>\n<link rel=\"canonical\" href=\"https:\/\/hairbestparis.com\/\" \/>\n<meta property=\"og:locale\" content=\"fr_FR\" \/>\n<meta property=\"og:type\" content=\"article\" \/>\n<meta property=\"og:title\" content=\"Tissage br\u00e9silien curly,Extensions de cheveux naturels\" \/>\n<meta property=\"og:description\" content=\"Les cheveux br\u00e9silliens curly sont souples et ne s&#039;emmelent pas . 100% cheveux humains et virgin. Ne s&#039;emm\u00ealent pas\" \/>\n<meta property=\"og:url\" content=\"https:\/\/hairbestparis.com\/\" \/>\n<meta property=\"og:site_name\" content=\"Hairbestparis\" \/>\n<meta property=\"article:publisher\" content=\"https:\/\/www.facebook.com\/hairbestparis1\" \/>\n<meta property=\"article:modified_time\" content=\"2026-04-11T21:34:31+00:00\" \/>\n<meta property=\"og:image\" content=\"https:\/\/hairbestparis.com\/wp-content\/uploads\/2020\/09\/bresilien-boucle.jpg\" \/>\n\t<meta property=\"og:image:width\" content=\"300\" \/>\n\t<meta property=\"og:image:height\" content=\"300\" \/>\n<meta name=\"twitter:card\" content=\"summary_large_image\" \/>\n<meta name=\"twitter:title\" content=\"Tissage Bresilien hairbestparis\" \/>\n<meta name=\"twitter:image\" content=\"https:\/\/hairbestparis.com\/wp-content\/uploads\/2020\/09\/bresilien-boucle.jpg\" \/>\n<meta name=\"twitter:site\" content=\"@hairbestparis\" \/>\n<meta name=\"twitter:label1\" content=\"Dur\u00e9e de lecture estim\u00e9e\">\n\t<meta name=\"twitter:data1\" content=\"1 minute\">\n<script type=\"application\/ld+json\" class=\"yoast-schema-graph\">{\"@context\":\"https:\/\/schema.org\",\"@graph\":[{\"@type\":\"Organization\",\"@id\":\"https:\/\/hairbestparis.com\/%20\/#organization\",\"name\":\"HairbestParis\",\"url\":\"https:\/\/hairbestparis.com\/%20\/\",\"sameAs\":[\"https:\/\/www.facebook.com\/hairbestparis1\",\"https:\/\/www.instagram.com\/hairbestparis\/\",\"https:\/\/twitter.com\/hairbestparis\"],\"logo\":{\"@type\":\"ImageObject\",\"@id\":\"https:\/\/hairbestparis.com\/%20\/#logo\",\"inLanguage\":\"fr-FR\",\"url\":\"https:\/\/hairbestparis.com\/wp-content\/uploads\/2020\/01\/hairbestparis-logo.png\",\"width\":186,\"height\":112,\"caption\":\"HairbestParis\"},\"image\":{\"@id\":\"https:\/\/hairbestparis.com\/%20\/#logo\"}},{\"@type\":\"WebSite\",\"@id\":\"https:\/\/hairbestparis.com\/%20\/#website\",\"url\":\"https:\/\/hairbestparis.com\/%20\/\",\"name\":\"Hairbestparis\",\"description\":\"Hair Best Paris\",\"publisher\":{\"@id\":\"https:\/\/hairbestparis.com\/%20\/#organization\"},\"potentialAction\":[{\"@type\":\"SearchAction\",\"target\":\"https:\/\/hairbestparis.com\/%20\/?s={search_term_string}\",\"query-input\":\"required name=search_term_string\"}],\"inLanguage\":\"fr-FR\"},{\"@type\":\"ImageObject\",\"@id\":\"https:\/\/hairbestparis.com\/#primaryimage\",\"inLanguage\":\"fr-FR\",\"url\":\"https:\/\/hairbestparis.com\/wp-content\/uploads\/2020\/09\/bresilien-boucle.jpg\",\"width\":300,\"height\":300,\"caption\":\"Extensions de cheveux naturels\"},{\"@type\":\"WebPage\",\"@id\":\"https:\/\/hairbestparis.com\/#webpage\",\"url\":\"https:\/\/hairbestparis.com\/\",\"name\":\"Tissage br\\u00e9silien curly,Extensions de cheveux naturels\",\"isPartOf\":{\"@id\":\"https:\/\/hairbestparis.com\/%20\/#website\"},\"primaryImageOfPage\":{\"@id\":\"https:\/\/hairbestparis.com\/#primaryimage\"},\"datePublished\":\"2020-09-11T19:43:24+00:00\",\"dateModified\":\"2026-04-11T21:34:31+00:00\",\"description\":\"Les cheveux br\\u00e9silliens curly sont souples et ne s'emmelent pas . 100% cheveux humains et virgin. Ne s'emm\\u00ealent pas\",\"breadcrumb\":{\"@id\":\"https:\/\/hairbestparis.com\/#breadcrumb\"},\"inLanguage\":\"fr-FR\",\"potentialAction\":[{\"@type\":\"ReadAction\",\"target\":[\"https:\/\/hairbestparis.com\/\"]}]},{\"@type\":\"BreadcrumbList\",\"@id\":\"https:\/\/hairbestparis.com\/#breadcrumb\",\"itemListElement\":[{\"@type\":\"ListItem\",\"position\":1,\"item\":{\"@type\":\"WebPage\",\"@id\":\"https:\/\/hairbestparis.com\/%20\/\",\"url\":\"https:\/\/hairbestparis.com\/%20\/\",\"name\":\"Accueil\"}},{\"@type\":\"ListItem\",\"position\":2,\"item\":{\"@type\":\"WebPage\",\"@id\":\"https:\/\/hairbestparis.com\/%20\/index.php\/boutique\/\",\"url\":\"https:\/\/hairbestparis.com\/%20\/index.php\/boutique\/\",\"name\":\"Boutique\"}},{\"@type\":\"ListItem\",\"position\":3,\"item\":{\"@type\":\"WebPage\",\"@id\":\"https:\/\/hairbestparis.com\/%20\/index.php\/produit\/tissage-bresilien-curly-extensions-de-cheveux-naturels-hairbestparis-com\/\",\"url\":\"https:\/\/hairbestparis.com\/%20\/index.php\/produit\/tissage-bresilien-curly-extensions-de-cheveux-naturels-hairbestparis-com\/\",\"name\":\"Tisage br\\u00e9silien curly\"}}]}]}<\/script>\n<!-- \/ Yoast SEO Premium plugin. -->","_links":{"self":[{"href":"https:\/\/hairbestparis.com\/%20\/index.php\/wp-json\/wp\/v2\/product\/781"}],"collection":[{"href":"https:\/\/hairbestparis.com\/%20\/index.php\/wp-json\/wp\/v2\/product"}],"about":[{"href":"https:\/\/hairbestparis.com\/%20\/index.php\/wp-json\/wp\/v2\/types\/product"}],"replies":[{"embeddable":true,"href":"https:\/\/hairbestparis.com\/%20\/index.php\/wp-json\/wp\/v2\/comments?post=781"}],"wp:featuredmedia":[{"embeddable":true,"href":"https:\/\/hairbestparis.com\/%20\/index.php\/wp-json\/wp\/v2\/media\/762"}],"wp:attachment":[{"href":"https:\/\/hairbestparis.com\/%20\/index.php\/wp-json\/wp\/v2\/media?parent=781"}],"curies":[{"name":"wp","href":"https:\/\/api.w.org\/{rel}","templated":true}]}}