{"id":833,"date":"2020-10-17T18:34:35","date_gmt":"2020-10-17T16:34:35","guid":{"rendered":"https:\/\/hairbestparis.com\/?post_type=product&#038;p=833"},"modified":"2026-01-14T02:46:31","modified_gmt":"2026-01-14T01:46:31","slug":"tissage-bresilien-ondule","status":"publish","type":"product","link":"https:\/\/hairbestparis.com\/%20\/index.php\/produit\/tissage-bresilien-ondule\/","title":{"rendered":"Tissage naturel  ondul\u00e9"},"content":{"rendered":"<div>\u00a0Tissage \u00a0naturel \u00a0ondul\u00e9 \u00a0id\u00e9al pour une demi-t\u00eate, une t\u00eate enti\u00e8re,<\/div>\n<div>quelques lignes ,et pour la confection d&#8217;une perruque.<\/div>\n<div>Cheveux Naturels tr\u00e8s souples<\/div>\n<div>Paquet de 100 grammes environ<\/div>\n<div>Possibilit\u00e9 de decolorer.<\/div>\n<div><a href=\"https:\/\/hairbestparis.com\/index.php\/produit\/closure-rsd-ondule\/\">Closure RSD ondul\u00e9<\/a><\/div>\n","protected":false},"excerpt":{"rendered":"<p>\u00a0Tissage \u00a0naturel \u00a0ondul\u00e9 \u00a0id\u00e9al pour une demi-t\u00eate, une t\u00eate enti\u00e8re, quelques lignes ,et pour la confection d&#8217;une perruque. Cheveux Naturels tr\u00e8s souples Paquet de 100 grammes environ Possibilit\u00e9 de decolorer. Closure RSD ondul\u00e9<\/p>\n","protected":false},"featured_media":832,"comment_status":"open","ping_status":"closed","template":"","meta":[],"yoast_head":"<!-- This site is optimized with the Yoast SEO Premium plugin v15.6.2 - https:\/\/yoast.com\/wordpress\/plugins\/seo\/ -->\n<title>Hairbestparis<\/title>\n<meta name=\"description\" content=\"\u00a0Tissage \u00a0br\u00e9silien ondul\u00e9\u00a0id\u00e9al pour toutes les coiffures .Cheveux Naturels tr\u00e8s souples 100% humains et virgin\" \/>\n<meta name=\"robots\" content=\"index, follow, max-snippet:-1, max-image-preview:large, max-video-preview:-1\" \/>\n<link rel=\"canonical\" href=\"https:\/\/hairbestparis.com\/%20\/index.php\/produit\/tissage-bresilien-ondule\/\" \/>\n<meta property=\"og:locale\" content=\"fr_FR\" \/>\n<meta property=\"og:type\" content=\"article\" \/>\n<meta property=\"og:title\" content=\"Tissage ondul\u00e9 ,M\u00e8ches d&#039;origine bresillienne,cheveux 100% humains\" \/>\n<meta property=\"og:description\" content=\"\u00a0Tissage \u00a0br\u00e9silien ondul\u00e9\u00a0id\u00e9al pour toutes les coiffures .Cheveux Naturels tr\u00e8s souples 100% humains et virgin\" \/>\n<meta property=\"og:url\" content=\"https:\/\/hairbestparis.com\/ \/index.php\/produit\/tissage-bresilien-ondule\/\" \/>\n<meta property=\"og:site_name\" content=\"Hairbestparis\" \/>\n<meta property=\"article:publisher\" content=\"https:\/\/www.facebook.com\/hairbestparis1\" \/>\n<meta property=\"article:modified_time\" content=\"2026-01-14T01:46:31+00:00\" \/>\n<meta property=\"og:image\" content=\"https:\/\/hairbestparis.com\/wp-content\/uploads\/2020\/10\/86D6812A-4E4E-4005-B66D-10A80B3ABB0E.jpeg\" \/>\n\t<meta property=\"og:image:width\" content=\"800\" \/>\n\t<meta property=\"og:image:height\" content=\"800\" \/>\n<meta name=\"twitter:card\" content=\"summary_large_image\" \/>\n<meta name=\"twitter:site\" content=\"@hairbestparis\" \/>\n<meta name=\"twitter:label1\" content=\"Dur\u00e9e de lecture estim\u00e9e\">\n\t<meta name=\"twitter:data1\" content=\"1 minute\">\n<script type=\"application\/ld+json\" class=\"yoast-schema-graph\">{\"@context\":\"https:\/\/schema.org\",\"@graph\":[{\"@type\":\"Organization\",\"@id\":\"https:\/\/hairbestparis.com\/%20\/#organization\",\"name\":\"HairbestParis\",\"url\":\"https:\/\/hairbestparis.com\/%20\/\",\"sameAs\":[\"https:\/\/www.facebook.com\/hairbestparis1\",\"https:\/\/www.instagram.com\/hairbestparis\/\",\"https:\/\/twitter.com\/hairbestparis\"],\"logo\":{\"@type\":\"ImageObject\",\"@id\":\"https:\/\/hairbestparis.com\/%20\/#logo\",\"inLanguage\":\"fr-FR\",\"url\":\"https:\/\/hairbestparis.com\/wp-content\/uploads\/2020\/01\/hairbestparis-logo.png\",\"width\":186,\"height\":112,\"caption\":\"HairbestParis\"},\"image\":{\"@id\":\"https:\/\/hairbestparis.com\/%20\/#logo\"}},{\"@type\":\"WebSite\",\"@id\":\"https:\/\/hairbestparis.com\/%20\/#website\",\"url\":\"https:\/\/hairbestparis.com\/%20\/\",\"name\":\"Hairbestparis\",\"description\":\"Hair Best Paris\",\"publisher\":{\"@id\":\"https:\/\/hairbestparis.com\/%20\/#organization\"},\"potentialAction\":[{\"@type\":\"SearchAction\",\"target\":\"https:\/\/hairbestparis.com\/%20\/?s={search_term_string}\",\"query-input\":\"required name=search_term_string\"}],\"inLanguage\":\"fr-FR\"},{\"@type\":\"ImageObject\",\"@id\":\"https:\/\/hairbestparis.com\/%20\/index.php\/produit\/tissage-bresilien-ondule\/#primaryimage\",\"inLanguage\":\"fr-FR\",\"url\":\"https:\/\/hairbestparis.com\/wp-content\/uploads\/2020\/10\/86D6812A-4E4E-4005-B66D-10A80B3ABB0E.jpeg\",\"width\":800,\"height\":800,\"caption\":\"Cheveux naturels\"},{\"@type\":\"WebPage\",\"@id\":\"https:\/\/hairbestparis.com\/%20\/index.php\/produit\/tissage-bresilien-ondule\/#webpage\",\"url\":\"https:\/\/hairbestparis.com\/%20\/index.php\/produit\/tissage-bresilien-ondule\/\",\"name\":\"Tissage ondul\\u00e9 ,M\\u00e8ches d'origine bresillienne,cheveux 100% humains\",\"isPartOf\":{\"@id\":\"https:\/\/hairbestparis.com\/%20\/#website\"},\"primaryImageOfPage\":{\"@id\":\"https:\/\/hairbestparis.com\/%20\/index.php\/produit\/tissage-bresilien-ondule\/#primaryimage\"},\"datePublished\":\"2020-10-17T16:34:35+00:00\",\"dateModified\":\"2026-01-14T01:46:31+00:00\",\"description\":\"\\u00a0Tissage \\u00a0br\\u00e9silien ondul\\u00e9\\u00a0id\\u00e9al pour toutes les coiffures .Cheveux Naturels tr\\u00e8s souples 100% humains et virgin\",\"breadcrumb\":{\"@id\":\"https:\/\/hairbestparis.com\/%20\/index.php\/produit\/tissage-bresilien-ondule\/#breadcrumb\"},\"inLanguage\":\"fr-FR\",\"potentialAction\":[{\"@type\":\"ReadAction\",\"target\":[\"https:\/\/hairbestparis.com\/%20\/index.php\/produit\/tissage-bresilien-ondule\/\"]}]},{\"@type\":\"BreadcrumbList\",\"@id\":\"https:\/\/hairbestparis.com\/%20\/index.php\/produit\/tissage-bresilien-ondule\/#breadcrumb\",\"itemListElement\":[{\"@type\":\"ListItem\",\"position\":1,\"item\":{\"@type\":\"WebPage\",\"@id\":\"https:\/\/hairbestparis.com\/%20\/\",\"url\":\"https:\/\/hairbestparis.com\/%20\/\",\"name\":\"Accueil\"}},{\"@type\":\"ListItem\",\"position\":2,\"item\":{\"@type\":\"WebPage\",\"@id\":\"https:\/\/hairbestparis.com\/%20\/index.php\/boutique\/\",\"url\":\"https:\/\/hairbestparis.com\/%20\/index.php\/boutique\/\",\"name\":\"Boutique\"}},{\"@type\":\"ListItem\",\"position\":3,\"item\":{\"@type\":\"WebPage\",\"@id\":\"https:\/\/hairbestparis.com\/%20\/index.php\/produit\/tissage-bresilien-ondule\/\",\"url\":\"https:\/\/hairbestparis.com\/%20\/index.php\/produit\/tissage-bresilien-ondule\/\",\"name\":\"Tissage naturel ondul\\u00e9\"}}]}]}<\/script>\n<!-- \/ Yoast SEO Premium plugin. -->","_links":{"self":[{"href":"https:\/\/hairbestparis.com\/%20\/index.php\/wp-json\/wp\/v2\/product\/833"}],"collection":[{"href":"https:\/\/hairbestparis.com\/%20\/index.php\/wp-json\/wp\/v2\/product"}],"about":[{"href":"https:\/\/hairbestparis.com\/%20\/index.php\/wp-json\/wp\/v2\/types\/product"}],"replies":[{"embeddable":true,"href":"https:\/\/hairbestparis.com\/%20\/index.php\/wp-json\/wp\/v2\/comments?post=833"}],"wp:featuredmedia":[{"embeddable":true,"href":"https:\/\/hairbestparis.com\/%20\/index.php\/wp-json\/wp\/v2\/media\/832"}],"wp:attachment":[{"href":"https:\/\/hairbestparis.com\/%20\/index.php\/wp-json\/wp\/v2\/media?parent=833"}],"curies":[{"name":"wp","href":"https:\/\/api.w.org\/{rel}","templated":true}]}}